{"id":3488,"date":"2025-02-26T10:45:28","date_gmt":"2025-02-26T10:45:28","guid":{"rendered":"https:\/\/finovate.vamtam.com\/?page_id=3488"},"modified":"2025-06-06T01:47:13","modified_gmt":"2025-06-05T23:47:13","slug":"trouver-mon-bureau","status":"publish","type":"page","link":"https:\/\/lux-office.lu\/index.php\/trouver-mon-bureau\/","title":{"rendered":"Trouver mon bureau"},"content":{"rendered":"\t\t<div data-elementor-type=\"wp-page\" data-elementor-id=\"3488\" class=\"elementor elementor-3488\" data-elementor-post-type=\"page\">\n\t\t\t\t<div class=\"elementor-element elementor-element-0e9ab7b e-flex e-con-boxed e-con e-parent\" data-id=\"0e9ab7b\" data-element_type=\"container\">\n\t\t\t\t\t<div class=\"e-con-inner\">\n\t\t<div class=\"elementor-element elementor-element-b6c7f07 e-con-full e-flex e-con e-child\" data-id=\"b6c7f07\" data-element_type=\"container\" data-settings=\"{&quot;background_background&quot;:&quot;classic&quot;}\">\n\t\t\t\t<div class=\"elementor-element elementor-element-f2da1e9 elementor-invisible elementor-widget__width-auto animated-fast elementor-widget elementor-widget-heading\" data-id=\"f2da1e9\" data-element_type=\"widget\" data-settings=\"{&quot;_animation&quot;:&quot;fadeIn&quot;,&quot;_animation_delay&quot;:50}\" data-widget_type=\"heading.default\">\n\t\t\t\t<div class=\"elementor-widget-container\">\n\t\t\t\t\t<div class=\"elementor-heading-title elementor-size-default\">Comment pouvons-nous vous aider ?<\/div>\t\t\t\t<\/div>\n\t\t\t\t<\/div>\n\t\t\t\t<div class=\"elementor-element elementor-element-f5adf8c elementor-hidden-mobile elementor-widget elementor-widget-spacer\" data-id=\"f5adf8c\" data-element_type=\"widget\" data-widget_type=\"spacer.default\">\n\t\t\t\t<div class=\"elementor-widget-container\">\n\t\t\t\t\t\t\t<div class=\"elementor-spacer\">\n\t\t\t<div class=\"elementor-spacer-inner\"><\/div>\n\t\t<\/div>\n\t\t\t\t\t\t<\/div>\n\t\t\t\t<\/div>\n\t\t\t\t<div class=\"vamtam-has-theme-widget-styles elementor-element elementor-element-05599fe elementor-button-align-start elementor-widget elementor-widget-form\" data-id=\"05599fe\" data-element_type=\"widget\" data-settings=\"{&quot;step_next_label&quot;:&quot;Next&quot;,&quot;step_previous_label&quot;:&quot;Previous&quot;,&quot;button_width&quot;:&quot;100&quot;,&quot;step_type&quot;:&quot;number_text&quot;,&quot;step_icon_shape&quot;:&quot;circle&quot;}\" data-widget_type=\"form.default\">\n\t\t\t\t<div class=\"elementor-widget-container\">\n\t\t\t\t\t\t\t<form class=\"elementor-form\" method=\"post\" name=\"Complimentary Consultation\">\n\t\t\t<input type=\"hidden\" name=\"post_id\" value=\"3488\"\/>\n\t\t\t<input type=\"hidden\" name=\"form_id\" value=\"05599fe\"\/>\n\t\t\t<input type=\"hidden\" name=\"referer_title\" value=\"\" \/>\n\n\t\t\t\n\t\t\t<div class=\"elementor-form-fields-wrapper elementor-labels-above\">\n\t\t\t\t\t\t\t\t<div class=\"elementor-field-type-text elementor-field-group elementor-column elementor-field-group-name_complimentary_consultation elementor-col-50 elementor-field-required\">\n\t\t\t\t\t\t\t\t\t\t\t\t<label for=\"form-field-name_complimentary_consultation\" class=\"elementor-field-label\">\n\t\t\t\t\t\t\t\tVotre nom\t\t\t\t\t\t\t<\/label>\n\t\t\t\t\t\t\t\t\t\t\t\t\t\t<input size=\"1\" type=\"text\" name=\"form_fields[name_complimentary_consultation]\" id=\"form-field-name_complimentary_consultation\" class=\"elementor-field elementor-size-sm  elementor-field-textual\" placeholder=\"e.g. Marie Dupont\" required=\"required\">\n\t\t\t\t\t\t\t\t\t\t\t<\/div>\n\t\t\t\t\t\t\t\t<div class=\"elementor-field-type-email elementor-field-group elementor-column elementor-field-group-email_complimentary_consultation elementor-col-50 elementor-field-required\">\n\t\t\t\t\t\t\t\t\t\t\t\t<label for=\"form-field-email_complimentary_consultation\" class=\"elementor-field-label\">\n\t\t\t\t\t\t\t\tAdresse e-mail\t\t\t\t\t\t\t<\/label>\n\t\t\t\t\t\t\t\t\t\t\t\t\t\t<input size=\"1\" type=\"email\" name=\"form_fields[email_complimentary_consultation]\" id=\"form-field-email_complimentary_consultation\" class=\"elementor-field elementor-size-sm  elementor-field-textual\" placeholder=\"e.g. marie@entreprise.lu\" required=\"required\">\n\t\t\t\t\t\t\t\t\t\t\t<\/div>\n\t\t\t\t\t\t\t\t<div class=\"elementor-field-type-tel elementor-field-group elementor-column elementor-field-group-phone_complimentary_consultation elementor-col-50 elementor-field-required\">\n\t\t\t\t\t\t\t\t\t\t\t\t<label for=\"form-field-phone_complimentary_consultation\" class=\"elementor-field-label\">\n\t\t\t\t\t\t\t\tNum\u00e9ro de t\u00e9l\u00e9phone\t\t\t\t\t\t\t<\/label>\n\t\t\t\t\t\t\t\t<input size=\"1\" type=\"tel\" name=\"form_fields[phone_complimentary_consultation]\" id=\"form-field-phone_complimentary_consultation\" class=\"elementor-field elementor-size-sm  elementor-field-textual\" placeholder=\"e.g. +352 621 123 456\" required=\"required\" pattern=\"[0-9()#&amp;+*-=.]+\" title=\"Seuls les caract\u00e8res de num\u00e9ros de t\u00e9l\u00e9phone (#, -, *, etc.) sont accept\u00e9s.\">\n\n\t\t\t\t\t\t<\/div>\n\t\t\t\t\t\t\t\t<div class=\"elementor-field-type-text elementor-field-group elementor-column elementor-field-group-company_name_complimentary_consultation elementor-col-50 elementor-field-required\">\n\t\t\t\t\t\t\t\t\t\t\t\t<label for=\"form-field-company_name_complimentary_consultation\" class=\"elementor-field-label\">\n\t\t\t\t\t\t\t\t\tNom de votre entreprise\t\t\t\t\t\t\t<\/label>\n\t\t\t\t\t\t\t\t\t\t\t\t\t\t<input size=\"1\" type=\"text\" name=\"form_fields[company_name_complimentary_consultation]\" id=\"form-field-company_name_complimentary_consultation\" class=\"elementor-field elementor-size-sm  elementor-field-textual\" placeholder=\"e.g. Start&amp;Go SARL\" required=\"required\">\n\t\t\t\t\t\t\t\t\t\t\t<\/div>\n\t\t\t\t\t\t\t\t<div class=\"elementor-field-type-text elementor-field-group elementor-column elementor-field-group-city_complimentary_consultation elementor-col-50 elementor-field-required\">\n\t\t\t\t\t\t\t\t\t\t\t\t<label for=\"form-field-city_complimentary_consultation\" class=\"elementor-field-label\">\n\t\t\t\t\t\t\t\tVille\t\t\t\t\t\t\t<\/label>\n\t\t\t\t\t\t\t\t\t\t\t\t\t\t<input size=\"1\" type=\"text\" name=\"form_fields[city_complimentary_consultation]\" id=\"form-field-city_complimentary_consultation\" class=\"elementor-field elementor-size-sm  elementor-field-textual\" placeholder=\"e.g. Esch-sur-Alzette\" required=\"required\">\n\t\t\t\t\t\t\t\t\t\t\t<\/div>\n\t\t\t\t\t\t\t\t<div class=\"elementor-field-type-textarea elementor-field-group elementor-column elementor-field-group-message_get_in_touch elementor-col-100 elementor-field-required\">\n\t\t\t\t\t\t\t\t\t\t\t\t<label for=\"form-field-message_get_in_touch\" class=\"elementor-field-label\">\n\t\t\t\t\t\t\t\t\tD\u00e9crivez votre besoin\t\t\t\t\t\t\t<\/label>\n\t\t\t\t\t\t<textarea class=\"elementor-field-textual elementor-field  elementor-size-sm\" name=\"form_fields[message_get_in_touch]\" id=\"form-field-message_get_in_touch\" rows=\"3\" placeholder=\"e.g. Je cherche un bureau 2 postes...\" required=\"required\"><\/textarea>\t\t\t\t<\/div>\n\t\t\t\t\t\t\t\t<div class=\"elementor-field-group elementor-column elementor-field-type-submit elementor-col-100 e-form__buttons\">\n\t\t\t\t\t<button class=\"elementor-button elementor-size-sm\" type=\"submit\">\n\t\t\t\t\t\t<span class=\"elementor-button-content-wrapper\">\n\t\t\t\t\t\t\t\t\t\t\t\t\t\t\t\t\t\t\t\t\t\t<span class=\"elementor-button-text\">Envoyer ma demande<\/span>\n\t\t\t\t\t\t\t\t\t\t\t\t\t<\/span>\n\t\t\t\t\t<\/button>\n\t\t\t\t<\/div>\n\t\t\t<\/div>\n\t\t<\/form>\n\t\t\t\t\t\t<\/div>\n\t\t\t\t<\/div>\n\t\t\t\t<\/div>\n\t\t<div class=\"elementor-element elementor-element-f58cd58 e-con-full e-flex e-con e-child\" data-id=\"f58cd58\" data-element_type=\"container\" data-settings=\"{&quot;background_background&quot;:&quot;classic&quot;}\">\n\t\t<div class=\"elementor-element elementor-element-3fb7df9 e-con-full blur-background e-flex e-con e-child\" data-id=\"3fb7df9\" data-element_type=\"container\" data-settings=\"{&quot;background_background&quot;:&quot;classic&quot;}\">\n\t\t\t\t<div class=\"vamtam-has-theme-widget-styles elementor-element elementor-element-a2be96d elementor-widget__width-initial elementor-widget-tablet__width-auto elementor-view-stacked elementor-shape-circle elementor-widget elementor-widget-icon\" data-id=\"a2be96d\" data-element_type=\"widget\" data-settings=\"{&quot;motion_fx_motion_fx_scrolling&quot;:&quot;yes&quot;,&quot;motion_fx_rotateZ_effect&quot;:&quot;yes&quot;,&quot;motion_fx_rotateZ_direction&quot;:&quot;negative&quot;,&quot;motion_fx_rotateZ_affectedRange&quot;:{&quot;unit&quot;:&quot;%&quot;,&quot;size&quot;:&quot;&quot;,&quot;sizes&quot;:{&quot;start&quot;:28,&quot;end&quot;:78}},&quot;motion_fx_devices&quot;:[&quot;desktop&quot;],&quot;motion_fx_rotateZ_speed&quot;:{&quot;unit&quot;:&quot;px&quot;,&quot;size&quot;:1,&quot;sizes&quot;:[]}}\" data-widget_type=\"icon.default\">\n\t\t\t\t<div class=\"elementor-widget-container\">\n\t\t\t\t\t\t\t<div class=\"elementor-icon-wrapper\">\n\t\t\t<div class=\"elementor-icon\">\n\t\t\t<i aria-hidden=\"true\" class=\"vamtamtheme- vamtam-theme-phone\"><\/i>\t\t\t<\/div>\n\t\t<\/div>\n\t\t\t\t\t\t<\/div>\n\t\t\t\t<\/div>\n\t\t\t\t<div class=\"elementor-element elementor-element-420b79b elementor-widget__width-initial elementor-widget elementor-widget-text-editor\" data-id=\"420b79b\" data-element_type=\"widget\" data-widget_type=\"text-editor.default\">\n\t\t\t\t<div class=\"elementor-widget-container\">\n\t\t\t\t\t\t\t\t\t<p>Appelez-nous au +352 <a id=\"ember374\" class=\"link-without-visited-state ember-view\" tabindex=\"0\" href=\"tel:621 386 355\" target=\"_blank\" rel=\"noopener noreferrer\"><span class=\"link-without-visited-state\" dir=\"ltr\" aria-hidden=\"true\">621 386 355<\/span><\/a> ou remplissez ce formulaire. Nous vous contactons sous 24h ouvr\u00e9es.<\/p>\t\t\t\t\t\t\t\t<\/div>\n\t\t\t\t<\/div>\n\t\t\t\t<\/div>\n\t\t\t\t<\/div>\n\t\t\t\t\t<\/div>\n\t\t\t\t<\/div>\n\t\t\t\t<\/div>\n\t\t","protected":false},"excerpt":{"rendered":"<p>Remplissez le formulaire ci-dessous et recevez une proposition personnalis\u00e9e sous 24h.<\/p>\n","protected":false},"author":1,"featured_media":0,"parent":0,"menu_order":0,"comment_status":"closed","ping_status":"closed","template":"","meta":{"_themeisle_gutenberg_block_has_review":false,"footnotes":""},"class_list":["post-3488","page","type-page","status-publish","hentry"],"_links":{"self":[{"href":"https:\/\/lux-office.lu\/index.php\/wp-json\/wp\/v2\/pages\/3488","targetHints":{"allow":["GET"]}}],"collection":[{"href":"https:\/\/lux-office.lu\/index.php\/wp-json\/wp\/v2\/pages"}],"about":[{"href":"https:\/\/lux-office.lu\/index.php\/wp-json\/wp\/v2\/types\/page"}],"author":[{"embeddable":true,"href":"https:\/\/lux-office.lu\/index.php\/wp-json\/wp\/v2\/users\/1"}],"replies":[{"embeddable":true,"href":"https:\/\/lux-office.lu\/index.php\/wp-json\/wp\/v2\/comments?post=3488"}],"version-history":[{"count":8,"href":"https:\/\/lux-office.lu\/index.php\/wp-json\/wp\/v2\/pages\/3488\/revisions"}],"predecessor-version":[{"id":987795,"href":"https:\/\/lux-office.lu\/index.php\/wp-json\/wp\/v2\/pages\/3488\/revisions\/987795"}],"wp:attachment":[{"href":"https:\/\/lux-office.lu\/index.php\/wp-json\/wp\/v2\/media?parent=3488"}],"curies":[{"name":"wp","href":"https:\/\/api.w.org\/{rel}","templated":true}]}}