{"id":27,"date":"2025-02-13T14:18:58","date_gmt":"2025-02-13T14:18:58","guid":{"rendered":"https:\/\/finovate.vamtam.com\/?page_id=27"},"modified":"2025-06-06T16:01:46","modified_gmt":"2025-06-06T14:01:46","slug":"salle-de-reunion","status":"publish","type":"page","link":"https:\/\/lux-office.lu\/index.php\/salle-de-reunion\/","title":{"rendered":"Salle de r\u00e9union"},"content":{"rendered":"\t\t<div data-elementor-type=\"wp-page\" data-elementor-id=\"27\" class=\"elementor elementor-27\" data-elementor-post-type=\"page\">\n\t\t\t\t<div class=\"elementor-element elementor-element-3d65996 e-flex e-con-boxed e-con e-parent\" data-id=\"3d65996\" data-element_type=\"container\">\n\t\t\t\t\t<div class=\"e-con-inner\">\n\t\t\t\t<div class=\"elementor-element elementor-element-9094851 elementor-invisible elementor-widget__width-auto animated-fast elementor-widget elementor-widget-heading\" data-id=\"9094851\" data-element_type=\"widget\" data-settings=\"{&quot;_animation&quot;:&quot;fadeIn&quot;,&quot;_animation_delay&quot;:50}\" data-widget_type=\"heading.default\">\n\t\t\t\t<div class=\"elementor-widget-container\">\n\t\t\t\t\t<div class=\"elementor-heading-title elementor-size-default\">Salle de r\u00e9union<\/div>\t\t\t\t<\/div>\n\t\t\t\t<\/div>\n\t\t<div class=\"elementor-element elementor-element-f485dcb e-con-full e-flex e-con e-child\" data-id=\"f485dcb\" data-element_type=\"container\">\n\t\t<div class=\"elementor-element elementor-element-f44a232 e-con-full e-flex e-con e-child\" data-id=\"f44a232\" data-element_type=\"container\">\n\t\t\t\t<div class=\"elementor-element elementor-element-9432172 elementor-invisible animated-fast elementor-widget__width-initial elementor-widget elementor-widget-heading\" data-id=\"9432172\" data-element_type=\"widget\" data-settings=\"{&quot;_animation&quot;:&quot;fadeIn&quot;}\" data-widget_type=\"heading.default\">\n\t\t\t\t<div class=\"elementor-widget-container\">\n\t\t\t\t\t<h2 class=\"elementor-heading-title elementor-size-default\">Des salles <span class=\"color-accent-4\">adapt\u00e9es <\/span> \u00e0 tous les usages professionnels<\/h2>\t\t\t\t<\/div>\n\t\t\t\t<\/div>\n\t\t\t\t<\/div>\n\t\t<div class=\"elementor-element elementor-element-3b5f22b e-con-full e-flex e-con e-child\" data-id=\"3b5f22b\" data-element_type=\"container\">\n\t\t\t\t<div class=\"vamtam-has-theme-widget-styles elementor-element elementor-element-4e2a81c elementor-view-stacked elementor-shape-circle elementor-widget elementor-widget-icon\" data-id=\"4e2a81c\" data-element_type=\"widget\" data-widget_type=\"icon.default\">\n\t\t\t\t<div class=\"elementor-widget-container\">\n\t\t\t\t\t\t\t<div class=\"elementor-icon-wrapper\">\n\t\t\t<div class=\"elementor-icon\">\n\t\t\t<i aria-hidden=\"true\" class=\"vamtamtheme- vamtam-theme-layer\"><\/i>\t\t\t<\/div>\n\t\t<\/div>\n\t\t\t\t\t\t<\/div>\n\t\t\t\t<\/div>\n\t\t\t\t<div class=\"elementor-element elementor-element-96cebbc elementor-widget elementor-widget-text-editor\" data-id=\"96cebbc\" data-element_type=\"widget\" data-widget_type=\"text-editor.default\">\n\t\t\t\t<div class=\"elementor-widget-container\">\n\t\t\t\t\t\t\t\t\t<p>Chez Lux-Office, nous mettons \u00e0 votre disposition des salles de r\u00e9union \u00e9quip\u00e9es, modulables et r\u00e9servables \u00e0 l\u2019heure ou \u00e0 la journ\u00e9e. Que ce soit pour un rendez-vous client, une formation, une r\u00e9union strat\u00e9gique ou un atelier collaboratif, nos espaces s\u2019adaptent \u00e0 vos exigences. Connexion haut d\u00e9bit, \u00e9cran, paperboard, et accueil inclus.<\/p>\t\t\t\t\t\t\t\t<\/div>\n\t\t\t\t<\/div>\n\t\t\t\t<\/div>\n\t\t\t\t<\/div>\n\t\t\t\t<div class=\"vamtam-has-theme-widget-styles elementor-element elementor-element-832a584 elementor-invisible animated-fast vamtam-icon-pos-row-reverse vamtam-has-icon-styles vamtam-has-hover-anim vamtam-has-outside-icon elementor-widget elementor-widget-button\" data-id=\"832a584\" data-element_type=\"widget\" data-settings=\"{&quot;_animation&quot;:&quot;slideInUp&quot;,&quot;_animation_delay&quot;:100}\" data-widget_type=\"button.default\">\n\t\t\t\t<div class=\"elementor-widget-container\">\n\t\t\t\t\t\t\t\t\t<div class=\"elementor-button-wrapper\">\n\t\t\t\t\t<a class=\"elementor-button elementor-button-link elementor-size-sm\" href=\"https:\/\/lux-office.lu\/index.php\/contactez-nous\/\">\n\t\t\t\t\t\t<span class=\"elementor-button-content-wrapper\">\n\t\t\t\t\t\t<span class=\"elementor-button-icon\">\n\t\t\t\t<i aria-hidden=\"true\" class=\"vamtamtheme- vamtam-theme-arrow-link-up\"><\/i>\t\t\t<\/span>\n\t\t\t\t\t\t\t\t\t<span class=\"elementor-button-text\">R\u00e9server une salle<\/span>\n\t\t\t\t\t<\/span>\n\t\t\t\t\t<\/a>\n\t\t\t\t<\/div>\n\t\t\t\t\t\t\t\t<\/div>\n\t\t\t\t<\/div>\n\t\t\t\t\t<\/div>\n\t\t\t\t<\/div>\n\t\t\t\t<\/div>\n\t\t","protected":false},"excerpt":{"rendered":"<p>Salle de r\u00e9union Des salles adapt\u00e9es \u00e0 tous les usages professionnels Chez Lux-Office, nous mettons \u00e0 votre disposition des salles de r\u00e9union \u00e9quip\u00e9es, modulables et r\u00e9servables \u00e0 l\u2019heure ou \u00e0 la journ\u00e9e. Que ce soit pour un rendez-vous client, une formation, une r\u00e9union strat\u00e9gique ou un atelier collaboratif, nos espaces s\u2019adaptent \u00e0 vos exigences. Connexion&#8230;<\/p>\n","protected":false},"author":1,"featured_media":987846,"parent":0,"menu_order":0,"comment_status":"closed","ping_status":"closed","template":"","meta":{"_themeisle_gutenberg_block_has_review":false,"footnotes":""},"class_list":["post-27","page","type-page","status-publish","has-post-thumbnail","hentry"],"_links":{"self":[{"href":"https:\/\/lux-office.lu\/index.php\/wp-json\/wp\/v2\/pages\/27","targetHints":{"allow":["GET"]}}],"collection":[{"href":"https:\/\/lux-office.lu\/index.php\/wp-json\/wp\/v2\/pages"}],"about":[{"href":"https:\/\/lux-office.lu\/index.php\/wp-json\/wp\/v2\/types\/page"}],"author":[{"embeddable":true,"href":"https:\/\/lux-office.lu\/index.php\/wp-json\/wp\/v2\/users\/1"}],"replies":[{"embeddable":true,"href":"https:\/\/lux-office.lu\/index.php\/wp-json\/wp\/v2\/comments?post=27"}],"version-history":[{"count":15,"href":"https:\/\/lux-office.lu\/index.php\/wp-json\/wp\/v2\/pages\/27\/revisions"}],"predecessor-version":[{"id":987936,"href":"https:\/\/lux-office.lu\/index.php\/wp-json\/wp\/v2\/pages\/27\/revisions\/987936"}],"wp:featuredmedia":[{"embeddable":true,"href":"https:\/\/lux-office.lu\/index.php\/wp-json\/wp\/v2\/media\/987846"}],"wp:attachment":[{"href":"https:\/\/lux-office.lu\/index.php\/wp-json\/wp\/v2\/media?parent=27"}],"curies":[{"name":"wp","href":"https:\/\/api.w.org\/{rel}","templated":true}]}}